{"id":21,"date":"2014-07-29T21:59:15","date_gmt":"2014-07-29T21:59:15","guid":{"rendered":"http:\/\/www.coding-is-fun.com\/?page_id=21"},"modified":"2014-07-29T21:59:15","modified_gmt":"2014-07-29T21:59:15","slug":"jak-usporadat-vlastni-akci","status":"publish","type":"page","link":"http:\/\/www.coding-is-fun.com\/?page_id=21","title":{"rendered":"Jak uspo\u0159\u00e1dat vlastn\u00ed akci?"},"content":{"rendered":"<h1>Jak uspo\u0159\u00e1dat vlastn\u00ed akci?<\/h1>\n<p><b><span id=\"919b102e-fedb-47d9-9aa3-b887d5849053\" class=\"GINGER_SOFTWARE_mark\">Instrukce<\/span> #codeEU<\/b><\/p>\n<p>Pokud ji\u017e m\u00e1te zku\u0161enosti s po\u0159\u00e1d\u00e1n\u00edm vzd\u011bl\u00e1vac\u00edch akc\u00ed, m\u016f\u017eete m\u00edt z\u00e1jem o hlavn\u00ed instrukce k dodr\u017een\u00ed p\u0159i pl\u00e1nov\u00e1n\u00ed va\u0161\u00ed akce #codeEU:<\/p>\n<ul>\n<li><b>Sna\u017ete se ud\u011blat akci p\u0159\u00edv\u011btivou pro za\u010d\u00e1te\u010dn\u00edky, vhodnou i pro ty<\/b><b>bez p\u0159edchoz\u00edch zku\u0161enost\u00ed s programov\u00e1n\u00edm<\/b>. Nezam\u011b\u0159ujte se na komplikovan\u00e9 technick\u00e9 z\u00e1le\u017eitosti, sna\u017ete se uk\u00e1zat z\u00e1bavnou str\u00e1nku a praktick\u00e9 aspekty pou\u017e\u00edvan\u00fdch technologi\u00ed.<\/li>\n<\/ul>\n<ul>\n<li><b>Form\u00e1t akce je na v\u00e1s.<\/b> Doporu\u010dujeme ale p\u0159inejmen\u0161\u00edm vyhradit \u010das na to, aby mohli \u00fa\u010dastn\u00edci n\u011bco vytvo\u0159it na vlastn\u00ed p\u011bst. Je\u0161t\u011b lep\u0161\u00ed bude, kdy\u017e budou moci sd\u00edlet to, co se nau\u010dili, doma s rodinou a p\u0159\u00e1teli!<\/li>\n<\/ul>\n<ul>\n<li><b>M\u016f\u017eete pou\u017e\u00edt jak\u00e9koliv n\u00e1stroje a technologie, kter\u00e9 jsou v\u00e1m nejbli\u017e\u0161\u00ed, <\/b>ale p\u0159ece jen preferujeme bezplatn\u00e9 a ve\u0159ejn\u011b dostupn\u00e9 n\u00e1stroje a soustavy.<\/li>\n<\/ul>\n<ul>\n<li>Nau\u010dit se n\u011bco zcela nov\u00e9ho m\u016f\u017ee b\u00fdt zastra\u0161uj\u00edc\u00ed. <b>\u00dasm\u011bv a p\u0159\u00e1telsk\u00e1 atmosf\u00e9ra <\/b>v\u00e1m pomohou prolomit ledy ku prosp\u011bchu t\u011bch, kte\u0159\u00ed se nepova\u017euj\u00ed za &#8220;technick\u00e9&#8221; typy.<\/li>\n<\/ul>\n<ul>\n<li>Je tak\u00e9 dobr\u00fd n\u00e1pad <b>napl\u00e1novat n\u00e1sleduj\u00edc\u00ed kroky<\/b>.\n<ul>\n<li>Jak se mohou \u00fa\u010dastn\u00edci i nad\u00e1le u\u010dit?<\/li>\n<li>Na koho se mohou obr\u00e1tit s p\u0159\u00edpadn\u00fdmi ot\u00e1zkami?<\/li>\n<\/ul>\n<\/li>\n<\/ul>\n<p>Je\u0161t\u011b nikdy jste neorganizoval(a) podobnou akci? \u010ct\u011bte d\u00e1l, nen\u00ed to tak slo\u017eit\u00e9, jak si mo\u017en\u00e1 mysl\u00edte!<\/p>\n<p><b>Co budete pot\u0159ebovat pro ud\u00e1lost #codeEU<\/b><\/p>\n<p>Zde je seznam toho, co budete pot\u0159ebovat, pokud chcete uspo\u0159\u00e1dat akci:<\/p>\n<ol>\n<li><b>Skupinu lid\u00ed, kte\u0159\u00ed jsou ochotni se u\u010dit.<\/b> Nap\u0159\u00edklad va\u0161i studenti, spolupracovn\u00edci, p\u0159\u00e1tel\u00e9, nebo specifick\u00e1 skupina, kter\u00e9 chcete pomoci. Pamatujte si, \u017ee i dva jsou skupina!<\/li>\n<li><b>Jednoho nebo v\u00edce u\u010ditel\u016f \u010di zprost\u0159edkovatel\u016f<\/b>. Jejich po\u010det z\u00e1vis\u00ed na typu a velikosti akce. Pro praktick\u00e9 kurzy m\u016f\u017ee b\u00fdt dobr\u00fd n\u00e1pad vytvo\u0159it men\u0161\u00ed skupiny, kter\u00e9 mohou pracovat s vlastn\u00edmi prost\u0159edn\u00edky. Ud\u00e1losti T\u00fddne K\u00f3dov\u00e1n\u00ed jsou obvykle zam\u011b\u0159eny na za\u010d\u00e1te\u010dn\u00edky, tak\u017ee u\u010ditel\u00e9\/prost\u0159edn\u00edci nemus\u00ed b\u00fdt profesion\u00e1ln\u00ed program\u00e1to\u0159i. Je d\u016fle\u017eit\u011bj\u0161\u00ed m\u00edt v\u00e1\u0161e\u0148 pro sd\u00edlen\u00ed znalost\u00ed, trp\u011blivost na zodpov\u011bzov\u00e1n\u00ed ot\u00e1zek a dosti empatie pro pochopen\u00ed perspektivy za\u010d\u00e1te\u010dn\u00edk\u016f. Na v\u011bt\u0161\u00edch akc\u00edch m\u016f\u017ee b\u00fdt u\u017eite\u010dn\u00fd tak\u00e9 hostitel, kter\u00fd dohl\u00e9dne na to, \u017ee ka\u017ed\u00fd m\u00e1 to, co pot\u0159ebuje, a ud\u0159\u017e\u00ed hladk\u00fd pr\u016fb\u011bh cel\u00e9 akce.<\/li>\n<li><b>M\u00edsto k po\u0159\u00e1d\u00e1n\u00ed.<\/b> U\u010debny, konferen\u010dn\u00ed m\u00edstnosti a r\u016fzn\u00e9 ve\u0159ejn\u00e9 prostory mohou b\u00fdt s trochou p\u0159\u00edpravy skv\u011bl\u00fdmi m\u00edsty ke kon\u00e1n\u00ed akce. P\u0159i ur\u010dov\u00e1n\u00ed mno\u017estv\u00ed lid\u00ed, kter\u00e9 je takov\u00e9 m\u00edsto schopn\u00e9 pojmout, m\u011bjte na pam\u011bti, \u017ee s mno\u017estv\u00edm praktick\u00e9 pr\u00e1ce bude m\u00edstnost hlu\u010dn\u00e1, tak\u017ee se nesna\u017ete nacpat p\u0159\u00edli\u0161 mnoho lid\u00ed do m\u00edstnosti bez oken, proto\u017ee nikoho nebav\u00ed k\u00f3dov\u00e1n\u00ed s bolestmi hlavy.<\/li>\n<li><b>Po\u010d\u00edta\u010de s vysokorychlostn\u00edm p\u0159ipojen\u00edm k internetu.<\/b> V z\u00e1vislosti na c\u00edlov\u00e9 skupin\u011b m\u016f\u017eete po\u017e\u00e1dat \u00fa\u010dastn\u00edky, aby si p\u0159inesli sv\u00e9 vlastn\u00ed notebooky. V takov\u00e9m p\u0159\u00edpad\u011b se nezapome\u0148te ujistit o dostatku elektrick\u00fdch z\u00e1suvek. Pokud m\u00e1te na m\u00edst\u011b po\u010d\u00edta\u010dove a jin\u00e9 technologie, ujist\u011bte se, \u017ee ji\u017e m\u00e1te nainstalovan\u00fd pot\u0159ebn\u00fd software a m\u016f\u017eete poskytnout \u00fa\u010dastn\u00edk\u016fm pokyny k nainstalov\u00e1n\u00ed softwaru na vlastn\u00ed po\u010d\u00edta\u010de. P\u0159i pl\u00e1nov\u00e1n\u00ed p\u0159ipojen\u00ed k internetu, m\u011bjte na pam\u011bti, \u017ee \u00fa\u010dastn\u00edci budou pravd\u011bpodobn\u011b tak\u00e9 cht\u00edt p\u0159\u00edstup ke Googlu, a mo\u017enost sd\u00edlet tuto ud\u00e1lost prost\u0159ednictv\u00edm soci\u00e1ln\u00edch m\u00e9di\u00ed na mobiln\u00edch za\u0159\u00edzen\u00edch, tak\u017ee se ujist\u011bte, \u017ee Wi-Fi bude moci odolat extra n\u00e1poru.<\/li>\n<li>A kone\u010dn\u011b,<b> n\u011bco, s \u010d\u00edm je mo\u017eno pracovat.<\/b> V z\u00e1vislosti na va\u0161\u00ed c\u00edlov\u00e9 skupin\u011b se pokuste naj\u00edt t\u00e9mata, kter\u00e1 jsou vhodn\u00e9 v\u011bku \u00fa\u010dastn\u00edk\u016f a prezentujte je zp\u016fsobem, kter\u00fd je relevantn\u00ed jejich z\u00e1jm\u016fm. D\u011bti m\u016f\u017ee bavit d\u011blat hry se softwarem Scratch, teenage\u0159i mohou navrhovat seznamovac\u00ed aplikace s Rails, vysoko\u0161kol\u00e1k\u016fm se m\u016f\u017ee hodit Python pro sb\u011br dat \u010di na zpracov\u00e1n\u00ed anal\u00fdz a dosp\u011bl\u00ed se mohou nau\u010dit z\u00e1klady HTML\/CSS na on-line \u017eivotopis a k nastaven\u00ed blogu. Za jeden den nebo i t\u00fdden z nich neud\u011bl\u00e1te program\u00e1tory, ale m\u016f\u017eete sv\u00fdm \u00fa\u010dastn\u00edk\u016fm uk\u00e1zat zp\u016fsob, jak m\u00edt radost z vlastn\u00ed tvorby. P\u0159i v\u00fdb\u011bru t\u00e9matu neza\u010d\u00ednejte s n\u00e1stroji, kter\u00e9 chcete pou\u017e\u00edt, ale zam\u011b\u0159te se na v\u00fdsledky, kter\u00fdch jimi chcete dos\u00e1hnout. Najd\u011bte na webu r\u016fzn\u00e9 programy a osnovy a p\u0159izp\u016fsobte je pot\u0159eb\u00e1m va\u0161\u00ed skupiny.<\/li>\n<\/ol>\n<p><b>Tip na konec:<\/b> \u010dokol\u00e1da a ob\u010derstven\u00ed udr\u017e\u00ed lidi \u0161\u0165astn\u00fdmi, a to zejm\u00e9na p\u0159i del\u0161\u00edch akc\u00edch.<\/p>\n<p><b>Propaga\u010dn\u00ed materi\u00e1ly<\/b><\/p>\n<p>Jestli\u017ee nechcete po\u0159\u00e1d\u00e1t akci pro uzav\u0159enou skupinu student\u016f, spolupracovn\u00edk\u016f nebo p\u0159\u00e1tel, budete muset svou akci propagovat k p\u0159il\u00e1k\u00e1n\u00ed \u00fa\u010dastn\u00edk\u016f. Soci\u00e1ln\u00ed m\u00e9dia jsou dobr\u00e9 n\u00e1stroje k propagaci a jejich pomoc\u00ed se tak\u00e9 m\u016f\u017eete dostat do kontaktu s m\u00edstn\u00edmi m\u00e9di\u00ed. Nev\u00e1hejte pou\u017e\u00edt jak\u00e9koli \u010d\u00e1sti t\u011bchto tiskov\u00fdch zpr\u00e1v pro tento \u00fa\u010del:<\/p>\n<ul>\n<li>Evropsk\u00fd T\u00fdden K\u00f3dov\u00e1n\u00ed se vrac\u00ed 11 a\u017e 17 \u0159\u00edjna, 2014<\/li>\n<\/ul>\n<p>M\u016f\u017eete tak\u00e9 pou\u017e\u00edt logo Evropsk\u00e9ho t\u00fddne k\u00f3dov\u00e1n\u00ed a upravit n\u00e1sleduj\u00edc\u00ed zdroje pro Va\u0161i akci (pokud je ov\u0161em v mez\u00edch na\u0161ich pravidel).<\/p>\n<ul>\n<li><a href=\"https:\/\/github.com\/codeeu\/codeeu-resources\">Evropsk\u00fd T\u00fdden K\u00f3dov\u00e1n\u00ed: Prost\u0159edky na GitHub<\/a><\/li>\n<\/ul>\n<p>Pokud m\u00e1te k dispozici omezen\u00e9 prostory, m\u016f\u017eete pou\u017e\u00edt t\u0159eba on-line formul\u00e1\u0159e, jako jsou Wufoo, Google Forms nebo str\u00e1nky ud\u00e1lost\u00ed na Facebooku \u010di Eventbrite k registraci. Zat\u00edmco preferujeme akce s \u00fa\u010dast\u00ed zdarma, m\u016f\u017eete si na\u00fa\u010dtovat mal\u00fd poplatek na pokryt\u00ed n\u00e1klad\u016f. Tak\u00e9 se m\u016f\u017eete se obr\u00e1tit na m\u00edstn\u00ed IT firmy nebo jin\u00e9 druhy sponzorov\u00e1n\u00ed.<\/p>\n<p><b><span id=\"9d098e2f-009b-46d3-8c71-9098156e13c3\" class=\"GINGER_SOFTWARE_mark\">Dotazy<\/span><\/b><\/p>\n<p>Pokud m\u00e1te dal\u0161\u00ed dotazy t\u00fdkaj\u00edc\u00ed se organizov\u00e1n\u00ed a propagace va\u0161\u00ed akce #codeEU, m\u016f\u017eete kontaktovat evropsk\u00e9ho ambasadora T\u00fddne K\u00f3dovan\u00ed pro va\u0161i zemi nebo n\u00e1m poslat e-mail na <a href=\"mailto:europecodes@gmail.com\">europecodes@gmail.com<\/a>.<\/p>\n","protected":false},"excerpt":{"rendered":"<p>Jak uspo\u0159\u00e1dat vlastn\u00ed akci? Instrukce #codeEU Pokud ji\u017e m\u00e1te zku\u0161enosti s po\u0159\u00e1d\u00e1n\u00edm vzd\u011bl\u00e1vac\u00edch akc\u00ed, m\u016f\u017eete m\u00edt z\u00e1jem o hlavn\u00ed instrukce k dodr\u017een\u00ed p\u0159i pl\u00e1nov\u00e1n\u00ed va\u0161\u00ed akce #codeEU: Sna\u017ete se ud\u011blat akci p\u0159\u00edv\u011btivou pro za\u010d\u00e1te\u010dn\u00edky, vhodnou i pro tybez p\u0159edchoz\u00edch zku\u0161enost\u00ed s programov\u00e1n\u00edm. Nezam\u011b\u0159ujte se na komplikovan\u00e9 technick\u00e9 z\u00e1le\u017eitosti, sna\u017ete se uk\u00e1zat z\u00e1bavnou str\u00e1nku a praktick\u00e9 [&hellip;]<\/p>\n","protected":false},"author":1,"featured_media":0,"parent":0,"menu_order":0,"comment_status":"open","ping_status":"open","template":"","meta":{"footnotes":""},"class_list":["post-21","page","type-page","status-publish","hentry"],"_links":{"self":[{"href":"http:\/\/www.coding-is-fun.com\/index.php?rest_route=\/wp\/v2\/pages\/21","targetHints":{"allow":["GET"]}}],"collection":[{"href":"http:\/\/www.coding-is-fun.com\/index.php?rest_route=\/wp\/v2\/pages"}],"about":[{"href":"http:\/\/www.coding-is-fun.com\/index.php?rest_route=\/wp\/v2\/types\/page"}],"author":[{"embeddable":true,"href":"http:\/\/www.coding-is-fun.com\/index.php?rest_route=\/wp\/v2\/users\/1"}],"replies":[{"embeddable":true,"href":"http:\/\/www.coding-is-fun.com\/index.php?rest_route=%2Fwp%2Fv2%2Fcomments&post=21"}],"version-history":[{"count":1,"href":"http:\/\/www.coding-is-fun.com\/index.php?rest_route=\/wp\/v2\/pages\/21\/revisions"}],"predecessor-version":[{"id":22,"href":"http:\/\/www.coding-is-fun.com\/index.php?rest_route=\/wp\/v2\/pages\/21\/revisions\/22"}],"wp:attachment":[{"href":"http:\/\/www.coding-is-fun.com\/index.php?rest_route=%2Fwp%2Fv2%2Fmedia&parent=21"}],"curies":[{"name":"wp","href":"https:\/\/api.w.org\/{rel}","templated":true}]}}